{"id":1102,"date":"2020-01-20T12:56:55","date_gmt":"2020-01-20T11:56:55","guid":{"rendered":"https:\/\/www.exclusive-trainer.com\/angebote\/"},"modified":"2020-02-29T20:52:57","modified_gmt":"2020-02-29T19:52:57","slug":"oferta","status":"publish","type":"page","link":"https:\/\/www.exclusive-trainer.com\/es\/oferta\/","title":{"rendered":"Oferta"},"content":{"rendered":"<div>\n<p>ENTRENAMIENTO FUNCIONAL<\/p>\n<p>ENTRENAMIENTO MUSCULAR<\/p>\n<p>REDUCCI\u00d3N DE PESO<\/p>\n<p>ASESOSARAMIENTO NUTRICIONAL<\/p>\n<p>ENTRENAMIENTO DEPORTIVO MENTAL<\/p>\n<p>ENTRENAMIENTO DE TENIS<\/p>\n<\/div>\n<div>\n<p>\u00a0<\/p>\n<p style=\"text-align: center;\">ENTRENAMIENTO FUNCIONAL<\/p>\n<p>ENTRENAMIENTO MUSCULAR<\/p>\n<p>REDUCCI\u00d3N DE PESO<\/p>\n<p>ASESOSARAMIENTO NUTRICIONAL<\/p>\n<p>ENTRENAMIENTO DEPORTIVO MENTAL<\/p>\n<p>ENTRENAMIENTO DE TENIS<\/p>\n<p style=\"text-align: center;\">\u00a0<\/p>\n<\/div>\n<h2>Tarifas<\/h2>\n<table>\n<tbody>\n<tr>\n<td>\n<p>Mi oferta debe ser tan individual como tus objetivos. Comun\u00edquese conmigo para obtener una oferta espec\u00edfica y aproveche la oportunidad para una cita de an\u00e1lisis gratuita. Aqu\u00ed podr\u00e1 conocerme mejor a m\u00ed y a mi servicio, y discutiremos sus objetivos personales y c\u00f3mo podemos lograrlos juntos.<\/p>\n<\/td>\n<\/tr>\n<tr>\n<td>\n<p>\u00a0<\/p>\n<\/td>\n<\/tr>\n<tr>\n<td>\n<p><a class=\"el-content uk-width-1-1 uk-button uk-button-primary\" href=\"\/kontakt\/\"> CONSULTA INICIAL GRATUITA<\/a><\/p>\n<\/td>\n<\/tr>\n<\/tbody>\n<\/table>\n<h2>Yoga meets fitness<\/h2>\n<h2>El paquete de salud exclusivo<\/h2>\n<table>\n<tbody>\n<tr>\n<td>\n<p>Junto con Nina Gyana he desarrollado un paquete de salud que encaja perfectamente en mis planes de entrenamiento. Nina Gyana (<a href=\"http:\/\/www.gyana-yoga.com\" target=\"_blank\" rel=\"noopener\">www.gyana-yoga.com<\/a>) es profesora titulada de yoga y meditaci\u00f3n y experta en el campo de la concentraci\u00f3n de la atenci\u00f3n, la paz interior y la salud mental. Junto a ella te ofrezco el \u00abpaquete de salud exclusivo\u00bb. <\/p>\n<p>Estar sano no s\u00f3lo significa estar en forma f\u00edsicamente, sino tambi\u00e9n tener una mente clara y concentrada. Eso es esencial. Ya sea para el trabajo, la competici\u00f3n deportiva o los desaf\u00edos de la vida cotidiana. A menudo son precisamente factores como el estr\u00e9s, la tensi\u00f3n, la inquietud o el agotamiento los que nos desequilibran y alteran nuestra salud. Por lo tanto, te ofrezco un servicio hol\u00edstico &#8211; un entrenamiento de cuerpo, mente y alma. <\/p>\n<p>Aprovecha esta oportunidad \u00fanica. Te ofrecemos una hora de entrenamiento, entre las 6 de la ma\u00f1ana y las 8 de la tarde, durante todos los d\u00edas laborables del mes. Y puedes elegir c\u00f3mo quieres optimizar tu bienestar personal &#8211; ya sea con yoga, meditaci\u00f3n, entrenamiento personal o de tenis. Disfruta a diario de una mayor calidad de vida.<\/p>\n<p>Aprovecha la primera consulta gratis para que nos conozcamos y descubramos juntos qu\u00e9 servicio se adapta mejor a tus necesidades.  <\/p>\n<\/td>\n<\/tr>\n<tr>\n<td><\/td>\n<\/tr>\n<tr>\n<td><a class=\"el-content uk-width-1-1 uk-button uk-button-primary\" href=\"\/kontakt\/\"><br \/>\nCONSULTA INICIAL GRATUITA<br \/>\n<\/a><\/td>\n<\/tr>\n<\/tbody>\n<\/table>\n<p><!-- {\"type\":\"layout\",\"children\":[{\"type\":\"section\",\"props\":{\"style\":\"default\",\"width\":\"default\",\"vertical_align\":\"bottom\",\"title_position\":\"center-right\",\"title_rotation\":\"left\",\"title_breakpoint\":\"xl\",\"image_position\":\"center-center\",\"text_color\":\"light\",\"width_expand\":\"\",\"height\":\"full\",\"padding\":\"xlarge\",\"header_transparent\":\"light\",\"animation\":\"\",\"image\":\"wp-content\\\/uploads\\\/2020\\\/01\\\/exclusive-trainer_angebote_1920x1080px.jpg\",\"header_transparent_noplaceholder\":true,\"title\":\"\",\"image_size\":\"cover\",\"image_effect\":\"parallax\",\"image_parallax_breakpoint\":\"\",\"image_visibility\":\"m\",\"video_width\":\"\",\"video_height\":\"\",\"media_blend_mode\":\"\",\"image_width\":\"2560\",\"image_height\":\"\",\"padding_remove_bottom\":false,\"image_parallax_bgy_start\":\"-5vw\",\"image_parallax_bgy_end\":\"4vw\",\"overlap\":false,\"media_background\":\"#081F2D\"},\"children\":[{\"type\":\"row\",\"props\":{\"layout\":\"1-1\",\"breakpoint\":\"m\",\"fixed_width\":\"large\",\"width\":\"\",\"width_expand\":\"\",\"height\":\"\",\"margin\":\"\",\"column_gap\":\"\",\"row_gap\":\"\"},\"children\":[{\"type\":\"column\",\"props\":{\"image_position\":\"center-center\",\"media_overlay_gradient\":\"\",\"vertical_align\":\"\",\"style\":\"\",\"text_color\":\"\",\"padding\":\"\"},\"children\":[{\"type\":\"text\",\"props\":{\"margin\":\"default\",\"column_breakpoint\":\"m\",\"text_style\":\"\",\"text_color\":\"\",\"text_size\":\"\",\"column\":\"\",\"position\":\"\",\"position_z_index\":\"\",\"maxwidth\":\"\",\"maxwidth_breakpoint\":\"\",\"block_align\":\"\",\"block_align_breakpoint\":\"\",\"block_align_fallback\":\"\",\"text_align\":\"center\",\"text_align_breakpoint\":\"\",\"text_align_fallback\":\"\",\"animation\":\"\",\"visibility\":\"m\",\"content\":\"\n\n<p>ENTRENAMIENTO FUNCIONAL<br \\\/><br \\\/>ENTRENAMIENTO MUSCULAR<br \\\/><br \\\/>REDUCCI\\u00d3N DE PESO<br \\\/><br \\\/>ASESOSARAMIENTO NUTRICIONAL<br \\\/><br \\\/>ENTRENAMIENTO DEPORTIVO MENTAL<br \\\/><br \\\/>ENTRENAMIENTO DE TENIS<\\\/p>\",\"class\":\"interstate_condensed\",\"css\":\"p {letter-spacing: 0.5em;\\nfont-size:25px;}\"}}]}]}],\"name\":\"header startseite\"},{\"type\":\"section\",\"props\":{\"style\":\"default\",\"width\":\"default\",\"vertical_align\":\"middle\",\"title_position\":\"top-left\",\"title_rotation\":\"left\",\"title_breakpoint\":\"xl\",\"image_position\":\"center-center\",\"text_color\":\"light\",\"width_expand\":\"\",\"height\":\"\",\"padding\":\"none\",\"header_transparent\":\"\",\"animation\":\"\",\"css\":\"\",\"class\":\"exclusive_mobile_box\",\"image\":\"wp-content\\\/uploads\\\/2020\\\/01\\\/exclusive-trainer_angebote_1920x1080px.jpg\",\"image_size\":\"cover\",\"image_effect\":\"\",\"image_parallax_breakpoint\":\"\",\"image_visibility\":\"\",\"video_width\":\"\",\"video_height\":\"\",\"media_blend_mode\":\"\"},\"children\":[{\"type\":\"row\",\"props\":{\"layout\":\"1-1\",\"breakpoint\":\"m\",\"fixed_width\":\"large\",\"column_gap\":\"\",\"row_gap\":\"\",\"width\":\"\",\"width_expand\":\"\",\"height\":\"\",\"margin\":\"\",\"margin_remove_top\":false,\"match\":false},\"children\":[{\"type\":\"column\",\"props\":{\"image_position\":\"center-center\",\"media_overlay_gradient\":\"\",\"vertical_align\":\"\",\"style\":\"\",\"text_color\":\"\",\"padding\":\"none\",\"image\":\"\",\"image_size\":\"\",\"image_effect\":\"\",\"image_parallax_breakpoint\":\"\",\"image_visibility\":\"\",\"media_blend_mode\":\"\"},\"children\":[{\"type\":\"text\",\"props\":{\"margin\":\"\",\"column_breakpoint\":\"m\",\"text_style\":\"\",\"text_color\":\"\",\"text_size\":\"\",\"column\":\"\",\"position\":\"\",\"position_z_index\":\"\",\"maxwidth\":\"\",\"maxwidth_breakpoint\":\"\",\"block_align\":\"\",\"block_align_breakpoint\":\"\",\"block_align_fallback\":\"\",\"text_align\":\"\",\"text_align_breakpoint\":\"\",\"text_align_fallback\":\"\",\"animation\":\"\",\"visibility\":\"\",\"content\":\"\n\n<p>\\u00a0<\\\/p>\\n\n\n<p style=\\\"text-align: center;\\\">ENTRENAMIENTO FUNCIONAL<br \\\/><br \\\/>ENTRENAMIENTO MUSCULAR<br \\\/><br \\\/>REDUCCI\\u00d3N DE PESO<br \\\/><br \\\/>ASESOSARAMIENTO NUTRICIONAL<br \\\/><br \\\/>ENTRENAMIENTO DEPORTIVO MENTAL<br \\\/><br \\\/>ENTRENAMIENTO DE TENIS<\\\/p>\\n\n\n<p style=\\\"text-align: center;\\\">\\u00a0<\\\/p>\",\"class\":\"interstate_condensed uppercase\",\"css\":\"p {letter-spacing: 0.2em;}\",\"margin_remove_top\":false}}]}]}],\"name\":\"mobile box angebote\"},{\"type\":\"section\",\"props\":{\"style\":\"default\",\"width\":\"\",\"vertical_align\":\"\",\"title_position\":\"top-left\",\"title_rotation\":\"left\",\"title_breakpoint\":\"xl\",\"image_position\":\"center-center\",\"text_color\":\"\",\"width_expand\":\"left\",\"height\":\"full\",\"padding\":\"\",\"header_transparent\":\"\",\"animation\":\"\",\"padding_remove_top\":false,\"padding_remove_bottom\":false,\"image_effect\":\"\"},\"children\":[{\"type\":\"row\",\"props\":{\"layout\":\",\",\"breakpoint\":\"m\",\"fixed_width\":\"large\",\"width\":\"\",\"width_expand\":\"left\",\"height\":\"full\",\"margin\":\"remove-vertical\",\"match\":false,\"order_last\":false,\"id\":\"advanced\",\"column_gap\":\"collapse\",\"row_gap\":\"collapse\"},\"children\":[{\"type\":\"column\",\"props\":{\"image_position\":\"center-center\",\"media_overlay_gradient\":\"\",\"vertical_align\":\"middle\",\"style\":\"default\",\"text_color\":\"\",\"padding\":\"\",\"image\":\"wp-content\\\/uploads\\\/2020\\\/01\\\/exclusive-trainer_angebote_preise_1600x2000px.jpg\",\"image_size\":\"cover\",\"image_effect\":\"\",\"image_parallax_breakpoint\":\"\",\"image_visibility\":\"\",\"media_blend_mode\":\"\",\"image_width\":\"1280\",\"image_height\":\"\",\"css\":\".el-column { min-height: 350px; }\"},\"children\":[]},{\"type\":\"column\",\"props\":{\"image_position\":\"center-center\",\"media_overlay_gradient\":\"\",\"vertical_align\":\"middle\",\"style\":\"default\",\"text_color\":\"\",\"padding\":\"large\",\"image\":\"\",\"image_size\":\"cover\",\"image_effect\":\"\",\"image_parallax_breakpoint\":\"\",\"image_visibility\":\"\",\"media_blend_mode\":\"\",\"image_width\":\"1280\",\"css\":\".el-column { min-height: 350px;}\"},\"children\":[{\"type\":\"headline\",\"props\":{\"title_element\":\"h2\",\"title_style\":\"\",\"title_decoration\":\"\",\"title_color\":\"\",\"position\":\"\",\"position_z_index\":\"\",\"margin\":\"medium\",\"maxwidth\":\"large\",\"maxwidth_breakpoint\":\"\",\"block_align\":\"center\",\"block_align_breakpoint\":\"\",\"block_align_fallback\":\"\",\"text_align\":\"\",\"text_align_breakpoint\":\"\",\"text_align_fallback\":\"\",\"animation\":\"none\",\"visibility\":\"\",\"content\":\"Tarifas\",\"parallax_breakpoint\":\"\",\"parallax_y_start\":\"\",\"parallax_y_end\":\"\",\"title_font_family\":\"\",\"class\":\"interstate_black_italic\"}},{\"type\":\"table\",\"props\":{\"show_title\":true,\"show_meta\":true,\"show_content\":true,\"show_image\":true,\"show_link\":true,\"table_order\":\"2\",\"table_responsive\":\"overflow\",\"table_width_title\":\"shrink\",\"table_width_meta\":\"shrink\",\"meta_style\":\"\",\"image_svg_color\":\"emphasis\",\"link_text\":\"Read more\",\"link_style\":\"default\",\"table_style\":\"\",\"table_size\":\"\",\"table_last_align\":\"\",\"table_width_content\":\"\",\"title_style\":\"h6\",\"title_color\":\"\",\"meta_color\":\"\",\"content_style\":\"\",\"image_border\":\"\",\"image_box_shadow\":\"\",\"link_size\":\"\",\"position\":\"\",\"position_z_index\":\"\",\"margin\":\"medium\",\"maxwidth\":\"large\",\"maxwidth_breakpoint\":\"\",\"block_align\":\"center\",\"block_align_breakpoint\":\"\",\"block_align_fallback\":\"\",\"text_align\":\"\",\"text_align_breakpoint\":\"\",\"text_align_fallback\":\"\",\"animation\":\"\",\"visibility\":\"\",\"table_hover\":false,\"table_justify\":true,\"table_vertical_align\":false,\"image_width\":\"\",\"image_svg_inline\":true,\"title_font_family\":\"\"},\"children\":[{\"type\":\"table_item\",\"props\":{\"image\":\"\",\"title\":\"\",\"content\":\"\n\n<p>Mi oferta debe ser tan individual como tus objetivos. Comun\\u00edquese conmigo para obtener una oferta espec\\u00edfica y aproveche la oportunidad para una cita de an\\u00e1lisis gratuita. Aqu\\u00ed podr\\u00e1 conocerme mejor a m\\u00ed y a mi servicio, y discutiremos sus objetivos personales y c\\u00f3mo podemos lograrlos juntos.<\\\/p>\",\"meta\":\"\"}},{\"type\":\"table_item\",\"props\":{\"content\":\"\n\n<p>\\u00a0<\\\/p>\\n\"}},{\"type\":\"table_item\",\"props\":{\"content\":\"\n\n<p><a class=\\\"el-content uk-width-1-1 uk-button uk-button-primary\\\" href=\\\"\\\/kontakt\\\/\\\"> CONSULTA INICIAL GRATUITA<\\\/a><\\\/p>\"}}]}]}]},{\"type\":\"row\",\"props\":{\"layout\":\",\",\"breakpoint\":\"m\",\"fixed_width\":\"large\",\"width\":\"\",\"width_expand\":\"left\",\"height\":\"full\",\"margin\":\"\",\"match\":false,\"order_last\":true,\"class\":\"\",\"id\":\"beginners\",\"column_gap\":\"collapse\",\"row_gap\":\"collapse\"},\"children\":[{\"type\":\"column\",\"props\":{\"image_position\":\"center-center\",\"media_overlay_gradient\":\"\",\"vertical_align\":\"middle\",\"style\":\"default\",\"text_color\":\"\",\"padding\":\"\",\"image\":\"wp-content\\\/uploads\\\/2020\\\/01\\\/exclusive-trainer_angebote_yoga-meets-fitness_1600x2000px.jpg\",\"image_size\":\"cover\",\"image_effect\":\"\",\"image_parallax_breakpoint\":\"\",\"image_visibility\":\"\",\"media_blend_mode\":\"\",\"image_width\":\"1280\",\"image_height\":\"\",\"css\":\".el-column { min-height: 350px; }\"},\"children\":[]},{\"type\":\"column\",\"props\":{\"image_position\":\"center-center\",\"media_overlay_gradient\":\"\",\"vertical_align\":\"middle\",\"style\":\"default\",\"text_color\":\"\",\"padding\":\"\",\"image\":\"\",\"image_size\":\"cover\",\"image_effect\":\"\",\"image_parallax_breakpoint\":\"\",\"image_visibility\":\"\",\"media_blend_mode\":\"\",\"image_width\":\"1280\",\"css\":\".el-column { min-height: 350px; }\"},\"children\":[{\"type\":\"headline\",\"props\":{\"title_element\":\"h2\",\"title_style\":\"\",\"title_decoration\":\"\",\"title_color\":\"\",\"position\":\"\",\"position_z_index\":\"\",\"margin\":\"xlarge\",\"maxwidth\":\"large\",\"maxwidth_breakpoint\":\"\",\"block_align\":\"center\",\"block_align_breakpoint\":\"\",\"block_align_fallback\":\"\",\"text_align\":\"\",\"text_align_breakpoint\":\"\",\"text_align_fallback\":\"\",\"animation\":\"\",\"visibility\":\"\",\"content\":\"Yoga meets fitness\",\"id\":\"\",\"title_font_family\":\"\",\"margin_remove_bottom\":true,\"class\":\"interstate_black_italic exclusive_xxl_margin_top\",\"css\":\"\"}},{\"type\":\"headline\",\"props\":{\"title_element\":\"h2\",\"title_style\":\"h3\",\"title_decoration\":\"\",\"title_color\":\"danger\",\"position\":\"\",\"position_z_index\":\"\",\"margin\":\"medium\",\"maxwidth\":\"large\",\"maxwidth_breakpoint\":\"\",\"block_align\":\"center\",\"block_align_breakpoint\":\"\",\"block_align_fallback\":\"\",\"text_align\":\"\",\"text_align_breakpoint\":\"\",\"text_align_fallback\":\"\",\"animation\":\"\",\"visibility\":\"\",\"content\":\"El paquete de salud exclusivo\",\"id\":\"\",\"title_font_family\":\"\",\"margin_remove_top\":true,\"class\":\"interstate_black_italic\"}},{\"type\":\"table\",\"props\":{\"show_title\":true,\"show_meta\":true,\"show_content\":true,\"show_image\":true,\"show_link\":true,\"table_order\":\"2\",\"table_responsive\":\"overflow\",\"table_width_title\":\"shrink\",\"table_width_meta\":\"shrink\",\"meta_style\":\"\",\"image_svg_color\":\"emphasis\",\"link_text\":\"Read more\",\"link_style\":\"default\",\"table_style\":\"\",\"table_size\":\"\",\"table_last_align\":\"\",\"table_width_content\":\"\",\"title_style\":\"h6\",\"title_color\":\"\",\"meta_color\":\"\",\"content_style\":\"\",\"image_border\":\"\",\"image_box_shadow\":\"\",\"link_size\":\"\",\"position\":\"\",\"position_z_index\":\"\",\"margin\":\"\",\"maxwidth\":\"large\",\"maxwidth_breakpoint\":\"\",\"block_align\":\"center\",\"block_align_breakpoint\":\"\",\"block_align_fallback\":\"\",\"text_align\":\"\",\"text_align_breakpoint\":\"\",\"text_align_fallback\":\"\",\"animation\":\"\",\"visibility\":\"\",\"table_hover\":false,\"table_justify\":true,\"table_vertical_align\":false,\"image_width\":\"\",\"image_svg_inline\":true,\"title_font_family\":\"\",\"table_head_image\":\"\",\"css\":\"\"},\"children\":[{\"type\":\"table_item\",\"props\":{\"image\":\"\",\"title\":\"\",\"content\":\"\n\n<p>Junto con Nina Gyana he desarrollado un paquete de salud que encaja perfectamente en mis planes de entrenamiento. Nina Gyana (<a href=\\\"http:\\\/\\\/www.gyana-yoga.com\\\" target=\\\"_blank\\\" rel=\\\"noopener\\\">www.gyana-yoga.com<\\\/a>) es profesora titulada de yoga y meditaci\\u00f3n y experta en el campo de la concentraci\\u00f3n de la atenci\\u00f3n, la paz interior y la salud mental. Junto a ella te ofrezco el \\\"paquete de salud exclusivo\\\". <\\\/p>\\n\n\n<p>Estar sano no s\\u00f3lo significa estar en forma f\\u00edsicamente, sino tambi\\u00e9n tener una mente clara y concentrada. Eso es esencial. Ya sea para el trabajo, la competici\\u00f3n deportiva o los desaf\\u00edos de la vida cotidiana. A menudo son precisamente factores como el estr\\u00e9s, la tensi\\u00f3n, la inquietud o el agotamiento los que nos desequilibran y alteran nuestra salud. Por lo tanto, te ofrezco un servicio hol\\u00edstico - un entrenamiento de cuerpo, mente y alma. <\\\/p>\\n\n\n<p>Aprovecha esta oportunidad \\u00fanica. Te ofrecemos una hora de entrenamiento, entre las 6 de la ma\\u00f1ana y las 8 de la tarde, durante todos los d\\u00edas laborables del mes. Y puedes elegir c\\u00f3mo quieres optimizar tu bienestar personal - ya sea con yoga, meditaci\\u00f3n, entrenamiento personal o de tenis. Disfruta a diario de una mayor calidad de vida.<\\\/p>\\n\n\n<p>Aprovecha la primera consulta gratis para que nos conozcamos y descubramos juntos qu\\u00e9 servicio se adapta mejor a tus necesidades.  <\\\/p>\",\"meta\":\"\"}},{\"type\":\"table_item\",\"props\":{\"content\":\"\"}},{\"type\":\"table_item\",\"props\":{\"content\":\"<a class=\\\"el-content uk-width-1-1 uk-button uk-button-primary\\\" href=\\\"\\\/kontakt\\\/\\\">\\nCONSULTA INICIAL GRATUITA\\n<\\\/a>\"}}]}]}]}],\"name\":\"links bild bis zum rand\"}],\"version\":\"1.22.8\",\"props\":[]} --><\/p>\n","protected":false},"excerpt":{"rendered":"<p>ENTRENAMIENTO FUNCIONAL ENTRENAMIENTO MUSCULAR REDUCCI\u00d3N DE PESO ASESOSARAMIENTO NUTRICIONAL ENTRENAMIENTO DEPORTIVO MENTAL ENTRENAMIENTO DE TENIS \u00a0 ENTRENAMIENTO FUNCIONAL ENTRENAMIENTO MUSCULAR REDUCCI\u00d3N DE PESO ASESOSARAMIENTO NUTRICIONAL ENTRENAMIENTO DEPORTIVO MENTAL ENTRENAMIENTO DE TENIS \u00a0 Tarifas Mi oferta debe ser tan individual como tus objetivos. Comun\u00edquese conmigo para obtener una oferta espec\u00edfica y aproveche la oportunidad para una [&hellip;]<\/p>\n","protected":false},"author":1,"featured_media":0,"parent":0,"menu_order":0,"comment_status":"closed","ping_status":"closed","template":"","meta":{"footnotes":""},"class_list":["post-1102","page","type-page","status-publish","hentry"],"yoast_head":"<!-- This site is optimized with the Yoast SEO plugin v27.5 - https:\/\/yoast.com\/product\/yoast-seo-wordpress\/ -->\n<title>Oferta | EXCLUSIVE TRAINER<\/title>\n<meta name=\"description\" content=\"Personal Trainer auf Mallorca. Verbessere Deine Fitness durch Funktionelles Training.\" \/>\n<meta name=\"robots\" content=\"index, follow, max-snippet:-1, max-image-preview:large, max-video-preview:-1\" \/>\n<link rel=\"canonical\" href=\"https:\/\/www.exclusive-trainer.com\/es\/oferta\/\" \/>\n<meta property=\"og:locale\" content=\"es_ES\" \/>\n<meta property=\"og:type\" content=\"article\" \/>\n<meta property=\"og:title\" content=\"Oferta | EXCLUSIVE TRAINER\" \/>\n<meta property=\"og:description\" content=\"Personal Trainer auf Mallorca. Verbessere Deine Fitness durch Funktionelles Training.\" \/>\n<meta property=\"og:url\" content=\"https:\/\/www.exclusive-trainer.com\/es\/oferta\/\" \/>\n<meta property=\"og:site_name\" content=\"EXCLUSIVE TRAINER\" \/>\n<meta property=\"article:modified_time\" content=\"2020-02-29T19:52:57+00:00\" \/>\n<meta name=\"twitter:card\" content=\"summary_large_image\" \/>\n<meta name=\"twitter:label1\" content=\"Tiempo de lectura\" \/>\n\t<meta name=\"twitter:data1\" content=\"2 minutos\" \/>\n<script type=\"application\/ld+json\" class=\"yoast-schema-graph\">{\"@context\":\"https:\\\/\\\/schema.org\",\"@graph\":[{\"@type\":\"WebPage\",\"@id\":\"https:\\\/\\\/www.exclusive-trainer.com\\\/es\\\/oferta\\\/\",\"url\":\"https:\\\/\\\/www.exclusive-trainer.com\\\/es\\\/oferta\\\/\",\"name\":\"Oferta | EXCLUSIVE TRAINER\",\"isPartOf\":{\"@id\":\"https:\\\/\\\/www.exclusive-trainer.com\\\/es\\\/#website\"},\"datePublished\":\"2020-01-20T11:56:55+00:00\",\"dateModified\":\"2020-02-29T19:52:57+00:00\",\"description\":\"Personal Trainer auf Mallorca. Verbessere Deine Fitness durch Funktionelles Training.\",\"breadcrumb\":{\"@id\":\"https:\\\/\\\/www.exclusive-trainer.com\\\/es\\\/oferta\\\/#breadcrumb\"},\"inLanguage\":\"es\",\"potentialAction\":[{\"@type\":\"ReadAction\",\"target\":[\"https:\\\/\\\/www.exclusive-trainer.com\\\/es\\\/oferta\\\/\"]}]},{\"@type\":\"BreadcrumbList\",\"@id\":\"https:\\\/\\\/www.exclusive-trainer.com\\\/es\\\/oferta\\\/#breadcrumb\",\"itemListElement\":[{\"@type\":\"ListItem\",\"position\":1,\"name\":\"Startseite\",\"item\":\"https:\\\/\\\/www.exclusive-trainer.com\\\/es\\\/\"},{\"@type\":\"ListItem\",\"position\":2,\"name\":\"Oferta\"}]},{\"@type\":\"WebSite\",\"@id\":\"https:\\\/\\\/www.exclusive-trainer.com\\\/es\\\/#website\",\"url\":\"https:\\\/\\\/www.exclusive-trainer.com\\\/es\\\/\",\"name\":\"EXCLUSIVE TRAINER\",\"description\":\"John Lambrecht\",\"publisher\":{\"@id\":\"https:\\\/\\\/www.exclusive-trainer.com\\\/es\\\/#organization\"},\"potentialAction\":[{\"@type\":\"SearchAction\",\"target\":{\"@type\":\"EntryPoint\",\"urlTemplate\":\"https:\\\/\\\/www.exclusive-trainer.com\\\/es\\\/?s={search_term_string}\"},\"query-input\":{\"@type\":\"PropertyValueSpecification\",\"valueRequired\":true,\"valueName\":\"search_term_string\"}}],\"inLanguage\":\"es\"},{\"@type\":\"Organization\",\"@id\":\"https:\\\/\\\/www.exclusive-trainer.com\\\/es\\\/#organization\",\"name\":\"Exclusive Trainer - Ihr Personal Trainer John Lambrecht aus Mallorca\",\"url\":\"https:\\\/\\\/www.exclusive-trainer.com\\\/es\\\/\",\"logo\":{\"@type\":\"ImageObject\",\"inLanguage\":\"es\",\"@id\":\"https:\\\/\\\/www.exclusive-trainer.com\\\/es\\\/#\\\/schema\\\/logo\\\/image\\\/\",\"url\":\"https:\\\/\\\/www.exclusive-trainer.com\\\/wp-content\\\/uploads\\\/2020\\\/02\\\/exclusive-trainer_typo-pos_310x115px.png\",\"contentUrl\":\"https:\\\/\\\/www.exclusive-trainer.com\\\/wp-content\\\/uploads\\\/2020\\\/02\\\/exclusive-trainer_typo-pos_310x115px.png\",\"width\":310,\"height\":115,\"caption\":\"Exclusive Trainer - Ihr Personal Trainer John Lambrecht aus Mallorca\"},\"image\":{\"@id\":\"https:\\\/\\\/www.exclusive-trainer.com\\\/es\\\/#\\\/schema\\\/logo\\\/image\\\/\"}}]}<\/script>\n<!-- \/ Yoast SEO plugin. -->","yoast_head_json":{"title":"Oferta | EXCLUSIVE TRAINER","description":"Personal Trainer auf Mallorca. Verbessere Deine Fitness durch Funktionelles Training.","robots":{"index":"index","follow":"follow","max-snippet":"max-snippet:-1","max-image-preview":"max-image-preview:large","max-video-preview":"max-video-preview:-1"},"canonical":"https:\/\/www.exclusive-trainer.com\/es\/oferta\/","og_locale":"es_ES","og_type":"article","og_title":"Oferta | EXCLUSIVE TRAINER","og_description":"Personal Trainer auf Mallorca. Verbessere Deine Fitness durch Funktionelles Training.","og_url":"https:\/\/www.exclusive-trainer.com\/es\/oferta\/","og_site_name":"EXCLUSIVE TRAINER","article_modified_time":"2020-02-29T19:52:57+00:00","twitter_card":"summary_large_image","twitter_misc":{"Tiempo de lectura":"2 minutos"},"schema":{"@context":"https:\/\/schema.org","@graph":[{"@type":"WebPage","@id":"https:\/\/www.exclusive-trainer.com\/es\/oferta\/","url":"https:\/\/www.exclusive-trainer.com\/es\/oferta\/","name":"Oferta | EXCLUSIVE TRAINER","isPartOf":{"@id":"https:\/\/www.exclusive-trainer.com\/es\/#website"},"datePublished":"2020-01-20T11:56:55+00:00","dateModified":"2020-02-29T19:52:57+00:00","description":"Personal Trainer auf Mallorca. Verbessere Deine Fitness durch Funktionelles Training.","breadcrumb":{"@id":"https:\/\/www.exclusive-trainer.com\/es\/oferta\/#breadcrumb"},"inLanguage":"es","potentialAction":[{"@type":"ReadAction","target":["https:\/\/www.exclusive-trainer.com\/es\/oferta\/"]}]},{"@type":"BreadcrumbList","@id":"https:\/\/www.exclusive-trainer.com\/es\/oferta\/#breadcrumb","itemListElement":[{"@type":"ListItem","position":1,"name":"Startseite","item":"https:\/\/www.exclusive-trainer.com\/es\/"},{"@type":"ListItem","position":2,"name":"Oferta"}]},{"@type":"WebSite","@id":"https:\/\/www.exclusive-trainer.com\/es\/#website","url":"https:\/\/www.exclusive-trainer.com\/es\/","name":"EXCLUSIVE TRAINER","description":"John Lambrecht","publisher":{"@id":"https:\/\/www.exclusive-trainer.com\/es\/#organization"},"potentialAction":[{"@type":"SearchAction","target":{"@type":"EntryPoint","urlTemplate":"https:\/\/www.exclusive-trainer.com\/es\/?s={search_term_string}"},"query-input":{"@type":"PropertyValueSpecification","valueRequired":true,"valueName":"search_term_string"}}],"inLanguage":"es"},{"@type":"Organization","@id":"https:\/\/www.exclusive-trainer.com\/es\/#organization","name":"Exclusive Trainer - Ihr Personal Trainer John Lambrecht aus Mallorca","url":"https:\/\/www.exclusive-trainer.com\/es\/","logo":{"@type":"ImageObject","inLanguage":"es","@id":"https:\/\/www.exclusive-trainer.com\/es\/#\/schema\/logo\/image\/","url":"https:\/\/www.exclusive-trainer.com\/wp-content\/uploads\/2020\/02\/exclusive-trainer_typo-pos_310x115px.png","contentUrl":"https:\/\/www.exclusive-trainer.com\/wp-content\/uploads\/2020\/02\/exclusive-trainer_typo-pos_310x115px.png","width":310,"height":115,"caption":"Exclusive Trainer - Ihr Personal Trainer John Lambrecht aus Mallorca"},"image":{"@id":"https:\/\/www.exclusive-trainer.com\/es\/#\/schema\/logo\/image\/"}}]}},"_links":{"self":[{"href":"https:\/\/www.exclusive-trainer.com\/es\/wp-json\/wp\/v2\/pages\/1102","targetHints":{"allow":["GET"]}}],"collection":[{"href":"https:\/\/www.exclusive-trainer.com\/es\/wp-json\/wp\/v2\/pages"}],"about":[{"href":"https:\/\/www.exclusive-trainer.com\/es\/wp-json\/wp\/v2\/types\/page"}],"author":[{"embeddable":true,"href":"https:\/\/www.exclusive-trainer.com\/es\/wp-json\/wp\/v2\/users\/1"}],"replies":[{"embeddable":true,"href":"https:\/\/www.exclusive-trainer.com\/es\/wp-json\/wp\/v2\/comments?post=1102"}],"version-history":[{"count":10,"href":"https:\/\/www.exclusive-trainer.com\/es\/wp-json\/wp\/v2\/pages\/1102\/revisions"}],"predecessor-version":[{"id":1136,"href":"https:\/\/www.exclusive-trainer.com\/es\/wp-json\/wp\/v2\/pages\/1102\/revisions\/1136"}],"wp:attachment":[{"href":"https:\/\/www.exclusive-trainer.com\/es\/wp-json\/wp\/v2\/media?parent=1102"}],"curies":[{"name":"wp","href":"https:\/\/api.w.org\/{rel}","templated":true}]}}