{"id":1108,"date":"2020-01-20T16:37:29","date_gmt":"2020-01-20T15:37:29","guid":{"rendered":"https:\/\/www.exclusive-trainer.com\/impressum\/"},"modified":"2020-03-15T16:51:33","modified_gmt":"2020-03-15T15:51:33","slug":"impresion","status":"publish","type":"page","link":"https:\/\/www.exclusive-trainer.com\/es\/impresion\/","title":{"rendered":"impresi\u00f3n"},"content":{"rendered":"<h2>\n<p>Pie de imprenta<\/p>\n<\/h2>\n<div>\n<p style=\"text-align: center;\">Informaci\u00f3n seg\u00fan el \u00a7 5 TMG<br \/>John Lambrecht<br \/>entrenador de fitness<br \/>Carrer Cortecera 26b<br \/>07006 Palma\/Mallorca<\/p>\n<p style=\"text-align: center;\">+34 602 45 47 17<br \/>john@exclusive-trainer.com<br \/>www.exclusiv-trainer.com<\/p>\n<p style=\"text-align: center;\">IDENTIFICACI\u00d3N DE IMPRESI\u00d3N: Y795958C<\/p>\n<p style=\"text-align: center;\">Seguro de responsabilidad profesional<br \/>Rhion Insurance Ltd.<br \/>Rhinelandplatz 1<br \/>41460 Neuss<\/p>\n<p style=\"text-align: center;\">\u00c1rea de validez del seguro: Europa<\/p>\n<p style=\"text-align: center;\"><strong>Informaci\u00f3n jur\u00eddica sobre la utilizaci\u00f3n del sitio web<\/strong><\/p>\n<p style=\"text-align: center;\">Al utilizar este sitio web, usted acepta las siguientes condiciones de uso. Si no est\u00e1 de acuerdo con estos t\u00e9rminos de uso, no est\u00e1 permitido utilizar este sitio web y debe dejar de utilizarlo inmediatamente.<\/p>\n<p style=\"text-align: center;\"><strong>Derechos de propiedad intelectual<\/strong><\/p>\n<p style=\"text-align: center;\">Los contenidos y las obras publicadas por nosotros, as\u00ed como su disposici\u00f3n en estas p\u00e1ginas est\u00e1n sujetos a la ley alemana de derechos de autor y otras leyes de protecci\u00f3n de la propiedad intelectual. La reproducci\u00f3n, el procesamiento, la distribuci\u00f3n, la puesta a disposici\u00f3n del p\u00fablico y cualquier tipo de explotaci\u00f3n fuera de los l\u00edmites legales pertinentes requieren el consentimiento escrito del respectivo titular de los derechos de autor. Las descargas y copias de estas p\u00e1ginas s\u00f3lo se permiten para uso privado y no comercial. En la medida en que el contenido de este sitio no fue creado por nosotros, los derechos intelectuales de terceros deben ser observados. En particular, el contenido de terceros est\u00e1 marcado como tal. El contenido del sitio web s\u00f3lo puede utilizarse con fines informativos. En particular, el contenido del sitio web no puede utilizarse para ser combinado con otras obras, publicaciones o sitios web, independientemente de que sean de usted o de terceros.<\/p>\n<p style=\"text-align: center;\"><strong>Responsabilidad<\/strong><\/p>\n<p style=\"text-align: center;\">Compilamos el contenido de este sitio web con el mayor cuidado y nos aseguramos de que se actualice regularmente, pero no garantizamos la correcci\u00f3n, exactitud e integridad de la informaci\u00f3n de este sitio web ni que se pueda acceder a ella sin perturbaciones en ning\u00fan momento. Nuestra oferta contiene enlaces a p\u00e1ginas web externas de terceros, sobre cuyos contenidos no tenemos ninguna influencia. Por lo tanto, no podemos asumir ninguna responsabilidad por estos contenidos externos. El respectivo proveedor u operador de los sitios es siempre responsable de los contenidos de los sitios enlazados. No es razonable un control permanente del contenido de las p\u00e1ginas enlazadas sin pruebas concretas de una violaci\u00f3n de la ley. Si nos enteramos de alguna infracci\u00f3n, eliminaremos esos enlaces inmediatamente.<\/p>\n<p style=\"text-align: center;\">Si a pesar de ello, se entera de una infracci\u00f3n de derechos de autor, por favor inf\u00f3rmenos. Eliminaremos dichos contenidos inmediatamente despu\u00e9s de tener conocimiento de cualquier infracci\u00f3n.<\/p>\n<p style=\"text-align: center;\"><strong>Otras condiciones<\/strong><\/p>\n<p style=\"text-align: center;\">Si alguna de estas condiciones de uso no es v\u00e1lida o aplicable en alguna jurisdicci\u00f3n, se interpretar\u00e1 en la mayor medida posible en dicha jurisdicci\u00f3n para lograr su intenci\u00f3n y las dem\u00e1s condiciones de uso seguir\u00e1n en pleno vigor y efecto.<\/p>\n<p style=\"text-align: center;\">Podemos enmendar estas Condiciones de uso en cualquier momento a nuestra entera discreci\u00f3n publicando las Condiciones de uso enmendadas en el Sitio web. Tales cambios son v\u00e1lidos desde el momento de su publicaci\u00f3n. Es su responsabilidad familiarizarse con cualquier cambio en las condiciones de uso consultando este sitio web. El uso continuado del Sitio despu\u00e9s de cualquier cambio en las Condiciones de uso constituye su aceptaci\u00f3n de las Condiciones de uso modificadas.<\/p>\n<\/div>\n<h2>Otra informaci\u00f3n<\/h2>\n<div>\n<p style=\"text-align: center;\"><strong>Concepto, coordinaci\u00f3n y dise\u00f1o<\/strong><\/p>\n<p style=\"text-align: center;\">ONLYFORTOMORROW<br \/>Tim Neugebauer y Tom Schneider<br \/><a href=\"http:\/\/www.onlyfortomorrow.com\" target=\"_blank\" rel=\"noopener\">www.onlyfortomorrow.com<\/a><\/p>\n<p style=\"text-align: center;\"><strong>Texto<\/strong><\/p>\n<p style=\"text-align: center;\">John Lambrecht<\/p>\n<p style=\"text-align: center;\"><strong>Fotograf\u00eda<\/strong><\/p>\n<p style=\"text-align: center;\">Todas las fotos son de Boris Becker<br \/><a href=\"http:\/\/www.becker-boris.de\" target=\"_blank\" rel=\"noopener\">www.becker-boris.de<\/a><\/p>\n<p style=\"text-align: center;\"><strong>Con la excepci\u00f3n de:<\/strong><\/p>\n<p style=\"text-align: center;\">Foto de Thomas Marchand en Unsplash<br \/>Foto de Matthew LeJune en Unsplash<\/p>\n<p style=\"text-align: center;\">Julio Feroz<br \/><a href=\"http:\/\/www.ferozphoto.com\" target=\"_blank\" rel=\"noopener\">www.ferozphoto.com<\/a><\/p>\n<p style=\"text-align: center;\"><strong>Realizaci\u00f3n<\/strong><\/p>\n<p style=\"text-align: center;\">Jan-Claas Glindemann<br \/><a href=\"https:\/\/glindemann.digital\" target=\"_blank\" rel=\"noopener\">glindemann.digital<\/a><\/p>\n<\/div>\n<p><!-- {\"type\":\"layout\",\"children\":[{\"type\":\"section\",\"props\":{\"style\":\"default\",\"width\":\"default\",\"vertical_align\":\"middle\",\"title_position\":\"top-left\",\"title_rotation\":\"left\",\"title_breakpoint\":\"xl\",\"image_position\":\"center-center\",\"text_color\":\"\",\"width_expand\":\"\",\"height\":\"\",\"padding\":\"\",\"header_transparent\":\"\",\"animation\":\"\"},\"children\":[{\"type\":\"row\",\"props\":{\"layout\":\"1-1\",\"breakpoint\":\"m\",\"fixed_width\":\"large\",\"column_gap\":\"\",\"row_gap\":\"\",\"width\":\"\",\"width_expand\":\"\",\"height\":\"\",\"margin\":\"\"},\"children\":[{\"type\":\"column\",\"props\":{\"image_position\":\"center-center\",\"media_overlay_gradient\":\"\",\"vertical_align\":\"\",\"style\":\"\",\"text_color\":\"\",\"padding\":\"\"},\"children\":[{\"type\":\"headline\",\"props\":{\"title_element\":\"h2\",\"title_style\":\"\",\"title_decoration\":\"\",\"title_font_family\":\"\",\"title_color\":\"\",\"position\":\"\",\"position_z_index\":\"\",\"margin\":\"\",\"maxwidth\":\"\",\"maxwidth_breakpoint\":\"\",\"block_align\":\"\",\"block_align_breakpoint\":\"\",\"block_align_fallback\":\"\",\"text_align\":\"center\",\"text_align_breakpoint\":\"\",\"text_align_fallback\":\"\",\"animation\":\"\",\"visibility\":\"\",\"content\":\"\n\n<p>Pie de imprenta<\\\/p>\",\"class\":\"interstate_black_italic\"}},{\"type\":\"text\",\"props\":{\"margin\":\"default\",\"column_breakpoint\":\"m\",\"text_style\":\"\",\"text_color\":\"\",\"text_size\":\"\",\"column\":\"\",\"position\":\"\",\"position_z_index\":\"\",\"maxwidth\":\"xxlarge\",\"maxwidth_breakpoint\":\"\",\"block_align\":\"center\",\"block_align_breakpoint\":\"\",\"block_align_fallback\":\"\",\"text_align\":\"center\",\"text_align_breakpoint\":\"\",\"text_align_fallback\":\"\",\"animation\":\"\",\"visibility\":\"\",\"content\":\"\n\n<p style=\\\"text-align: center;\\\">Informaci\\u00f3n seg\\u00fan el \\u00a7 5 TMG<br \\\/>John Lambrecht<br \\\/>entrenador de fitness<br \\\/>Carrer Cortecera 26b<br \\\/>07006 Palma\\\/Mallorca<\\\/p>\\n\n\n<p style=\\\"text-align: center;\\\">+34 602 45 47 17<br \\\/>john@exclusive-trainer.com<br \\\/>www.exclusiv-trainer.com<\\\/p>\\n\n\n<p style=\\\"text-align: center;\\\">IDENTIFICACI\\u00d3N DE IMPRESI\\u00d3N: Y795958C<\\\/p>\\n\n\n<p style=\\\"text-align: center;\\\">Seguro de responsabilidad profesional<br \\\/>Rhion Insurance Ltd.<br \\\/>Rhinelandplatz 1<br \\\/>41460 Neuss<\\\/p>\\n\n\n<p style=\\\"text-align: center;\\\">\\u00c1rea de validez del seguro: Europa<\\\/p>\\n\n\n<p style=\\\"text-align: center;\\\"><strong>Informaci\\u00f3n jur\\u00eddica sobre la utilizaci\\u00f3n del sitio web<\\\/strong><\\\/p>\\n\n\n<p style=\\\"text-align: center;\\\">Al utilizar este sitio web, usted acepta las siguientes condiciones de uso. Si no est\\u00e1 de acuerdo con estos t\\u00e9rminos de uso, no est\\u00e1 permitido utilizar este sitio web y debe dejar de utilizarlo inmediatamente.<\\\/p>\\n\n\n<p style=\\\"text-align: center;\\\"><strong>Derechos de propiedad intelectual<\\\/strong><\\\/p>\\n\n\n<p style=\\\"text-align: center;\\\">Los contenidos y las obras publicadas por nosotros, as\\u00ed como su disposici\\u00f3n en estas p\\u00e1ginas est\\u00e1n sujetos a la ley alemana de derechos de autor y otras leyes de protecci\\u00f3n de la propiedad intelectual. La reproducci\\u00f3n, el procesamiento, la distribuci\\u00f3n, la puesta a disposici\\u00f3n del p\\u00fablico y cualquier tipo de explotaci\\u00f3n fuera de los l\\u00edmites legales pertinentes requieren el consentimiento escrito del respectivo titular de los derechos de autor. Las descargas y copias de estas p\\u00e1ginas s\\u00f3lo se permiten para uso privado y no comercial. En la medida en que el contenido de este sitio no fue creado por nosotros, los derechos intelectuales de terceros deben ser observados. En particular, el contenido de terceros est\\u00e1 marcado como tal. El contenido del sitio web s\\u00f3lo puede utilizarse con fines informativos. En particular, el contenido del sitio web no puede utilizarse para ser combinado con otras obras, publicaciones o sitios web, independientemente de que sean de usted o de terceros.<\\\/p>\\n\n\n<p style=\\\"text-align: center;\\\"><strong>Responsabilidad<\\\/strong><\\\/p>\\n\n\n<p style=\\\"text-align: center;\\\">Compilamos el contenido de este sitio web con el mayor cuidado y nos aseguramos de que se actualice regularmente, pero no garantizamos la correcci\\u00f3n, exactitud e integridad de la informaci\\u00f3n de este sitio web ni que se pueda acceder a ella sin perturbaciones en ning\\u00fan momento. Nuestra oferta contiene enlaces a p\\u00e1ginas web externas de terceros, sobre cuyos contenidos no tenemos ninguna influencia. Por lo tanto, no podemos asumir ninguna responsabilidad por estos contenidos externos. El respectivo proveedor u operador de los sitios es siempre responsable de los contenidos de los sitios enlazados. No es razonable un control permanente del contenido de las p\\u00e1ginas enlazadas sin pruebas concretas de una violaci\\u00f3n de la ley. Si nos enteramos de alguna infracci\\u00f3n, eliminaremos esos enlaces inmediatamente.<\\\/p>\\n\n\n<p style=\\\"text-align: center;\\\">Si a pesar de ello, se entera de una infracci\\u00f3n de derechos de autor, por favor inf\\u00f3rmenos. Eliminaremos dichos contenidos inmediatamente despu\\u00e9s de tener conocimiento de cualquier infracci\\u00f3n.<\\\/p>\\n\n\n<p style=\\\"text-align: center;\\\"><strong>Otras condiciones<\\\/strong><\\\/p>\\n\n\n<p style=\\\"text-align: center;\\\">Si alguna de estas condiciones de uso no es v\\u00e1lida o aplicable en alguna jurisdicci\\u00f3n, se interpretar\\u00e1 en la mayor medida posible en dicha jurisdicci\\u00f3n para lograr su intenci\\u00f3n y las dem\\u00e1s condiciones de uso seguir\\u00e1n en pleno vigor y efecto.<\\\/p>\\n\n\n<p style=\\\"text-align: center;\\\">Podemos enmendar estas Condiciones de uso en cualquier momento a nuestra entera discreci\\u00f3n publicando las Condiciones de uso enmendadas en el Sitio web. Tales cambios son v\\u00e1lidos desde el momento de su publicaci\\u00f3n. Es su responsabilidad familiarizarse con cualquier cambio en las condiciones de uso consultando este sitio web. El uso continuado del Sitio despu\\u00e9s de cualquier cambio en las Condiciones de uso constituye su aceptaci\\u00f3n de las Condiciones de uso modificadas.<\\\/p>\"}},{\"type\":\"headline\",\"props\":{\"title_element\":\"h2\",\"title_style\":\"\",\"title_decoration\":\"\",\"title_font_family\":\"\",\"title_color\":\"\",\"position\":\"\",\"position_z_index\":\"\",\"margin\":\"xlarge\",\"maxwidth\":\"\",\"maxwidth_breakpoint\":\"\",\"block_align\":\"\",\"block_align_breakpoint\":\"\",\"block_align_fallback\":\"\",\"text_align\":\"center\",\"text_align_breakpoint\":\"\",\"text_align_fallback\":\"\",\"animation\":\"\",\"visibility\":\"\",\"content\":\"Otra informaci\\u00f3n\",\"margin_remove_bottom\":true,\"class\":\"interstate_black_italic\"}},{\"type\":\"text\",\"props\":{\"margin\":\"default\",\"column_breakpoint\":\"m\",\"text_style\":\"\",\"text_color\":\"\",\"text_size\":\"\",\"column\":\"\",\"position\":\"\",\"position_z_index\":\"\",\"maxwidth\":\"xxlarge\",\"maxwidth_breakpoint\":\"\",\"block_align\":\"center\",\"block_align_breakpoint\":\"\",\"block_align_fallback\":\"\",\"text_align\":\"center\",\"text_align_breakpoint\":\"\",\"text_align_fallback\":\"\",\"animation\":\"\",\"visibility\":\"\",\"content\":\"\n\n<p style=\\\"text-align: center;\\\"><strong>Concepto, coordinaci\\u00f3n y dise\\u00f1o<\\\/strong><\\\/p>\\n\n\n<p style=\\\"text-align: center;\\\">ONLYFORTOMORROW<br \\\/>Tim Neugebauer y Tom Schneider<br \\\/><a href=\\\"http:\\\/\\\/www.onlyfortomorrow.com\\\" target=\\\"_blank\\\" rel=\\\"noopener\\\">www.onlyfortomorrow.com<\\\/a><\\\/p>\\n\n\n<p style=\\\"text-align: center;\\\"><strong>Texto<\\\/strong><\\\/p>\\n\n\n<p style=\\\"text-align: center;\\\">John Lambrecht<\\\/p>\\n\n\n<p style=\\\"text-align: center;\\\"><strong>Fotograf\\u00eda<\\\/strong><\\\/p>\\n\n\n<p style=\\\"text-align: center;\\\">Todas las fotos son de Boris Becker<br \\\/><a href=\\\"http:\\\/\\\/www.becker-boris.de\\\" target=\\\"_blank\\\" rel=\\\"noopener\\\">www.becker-boris.de<\\\/a><\\\/p>\\n\n\n<p style=\\\"text-align: center;\\\"><strong>Con la excepci\\u00f3n de:<\\\/strong><\\\/p>\\n\n\n<p style=\\\"text-align: center;\\\">Foto de Thomas Marchand en Unsplash<br \\\/>Foto de Matthew LeJune en Unsplash<\\\/p>\\n\n\n<p style=\\\"text-align: center;\\\">Julio Feroz<br \\\/><a href=\\\"http:\\\/\\\/www.ferozphoto.com\\\" target=\\\"_blank\\\" rel=\\\"noopener\\\">www.ferozphoto.com<\\\/a><\\\/p>\\n\n\n<p style=\\\"text-align: center;\\\"><strong>Realizaci\\u00f3n<\\\/strong><\\\/p>\\n\n\n<p style=\\\"text-align: center;\\\">Jan-Claas Glindemann<br \\\/><a href=\\\"https:\\\/\\\/glindemann.digital\\\" target=\\\"_blank\\\" rel=\\\"noopener\\\">glindemann.digital<\\\/a><\\\/p>\"}}]}]}]}],\"version\":\"1.22.8\",\"props\":[]} --><\/p>\n","protected":false},"excerpt":{"rendered":"<p>Pie de imprenta Informaci\u00f3n seg\u00fan el \u00a7 5 TMGJohn Lambrechtentrenador de fitnessCarrer Cortecera 26b07006 Palma\/Mallorca +34 602 45 47 17john@exclusive-trainer.comwww.exclusiv-trainer.com IDENTIFICACI\u00d3N DE IMPRESI\u00d3N: Y795958C Seguro de responsabilidad profesionalRhion Insurance Ltd.Rhinelandplatz 141460 Neuss \u00c1rea de validez del seguro: Europa Informaci\u00f3n jur\u00eddica sobre la utilizaci\u00f3n del sitio web Al utilizar este sitio web, usted acepta las siguientes [&hellip;]<\/p>\n","protected":false},"author":1,"featured_media":0,"parent":0,"menu_order":0,"comment_status":"closed","ping_status":"closed","template":"","meta":{"footnotes":""},"class_list":["post-1108","page","type-page","status-publish","hentry"],"yoast_head":"<!-- This site is optimized with the Yoast SEO plugin v27.3 - https:\/\/yoast.com\/product\/yoast-seo-wordpress\/ -->\n<title>impresi\u00f3n | EXCLUSIVE TRAINER<\/title>\n<meta name=\"robots\" content=\"index, follow, max-snippet:-1, max-image-preview:large, max-video-preview:-1\" \/>\n<link rel=\"canonical\" href=\"https:\/\/www.exclusive-trainer.com\/es\/impresion\/\" \/>\n<meta property=\"og:locale\" content=\"es_ES\" \/>\n<meta property=\"og:type\" content=\"article\" \/>\n<meta property=\"og:title\" content=\"impresi\u00f3n | EXCLUSIVE TRAINER\" \/>\n<meta property=\"og:description\" content=\"Pie de imprenta Informaci\u00f3n seg\u00fan el \u00a7 5 TMGJohn Lambrechtentrenador de fitnessCarrer Cortecera 26b07006 Palma\/Mallorca +34 602 45 47 17john@exclusive-trainer.comwww.exclusiv-trainer.com IDENTIFICACI\u00d3N DE IMPRESI\u00d3N: Y795958C Seguro de responsabilidad profesionalRhion Insurance Ltd.Rhinelandplatz 141460 Neuss \u00c1rea de validez del seguro: Europa Informaci\u00f3n jur\u00eddica sobre la utilizaci\u00f3n del sitio web Al utilizar este sitio web, usted acepta las siguientes [&hellip;]\" \/>\n<meta property=\"og:url\" content=\"https:\/\/www.exclusive-trainer.com\/es\/impresion\/\" \/>\n<meta property=\"og:site_name\" content=\"EXCLUSIVE TRAINER\" \/>\n<meta property=\"article:modified_time\" content=\"2020-03-15T15:51:33+00:00\" \/>\n<meta name=\"twitter:card\" content=\"summary_large_image\" \/>\n<meta name=\"twitter:label1\" content=\"Tiempo de lectura\" \/>\n\t<meta name=\"twitter:data1\" content=\"3 minutos\" \/>\n<script type=\"application\/ld+json\" class=\"yoast-schema-graph\">{\"@context\":\"https:\\\/\\\/schema.org\",\"@graph\":[{\"@type\":\"WebPage\",\"@id\":\"https:\\\/\\\/www.exclusive-trainer.com\\\/es\\\/impresion\\\/\",\"url\":\"https:\\\/\\\/www.exclusive-trainer.com\\\/es\\\/impresion\\\/\",\"name\":\"impresi\u00f3n | EXCLUSIVE TRAINER\",\"isPartOf\":{\"@id\":\"https:\\\/\\\/www.exclusive-trainer.com\\\/es\\\/#website\"},\"datePublished\":\"2020-01-20T15:37:29+00:00\",\"dateModified\":\"2020-03-15T15:51:33+00:00\",\"breadcrumb\":{\"@id\":\"https:\\\/\\\/www.exclusive-trainer.com\\\/es\\\/impresion\\\/#breadcrumb\"},\"inLanguage\":\"es\",\"potentialAction\":[{\"@type\":\"ReadAction\",\"target\":[\"https:\\\/\\\/www.exclusive-trainer.com\\\/es\\\/impresion\\\/\"]}]},{\"@type\":\"BreadcrumbList\",\"@id\":\"https:\\\/\\\/www.exclusive-trainer.com\\\/es\\\/impresion\\\/#breadcrumb\",\"itemListElement\":[{\"@type\":\"ListItem\",\"position\":1,\"name\":\"Startseite\",\"item\":\"https:\\\/\\\/www.exclusive-trainer.com\\\/es\\\/\"},{\"@type\":\"ListItem\",\"position\":2,\"name\":\"impresi\u00f3n\"}]},{\"@type\":\"WebSite\",\"@id\":\"https:\\\/\\\/www.exclusive-trainer.com\\\/es\\\/#website\",\"url\":\"https:\\\/\\\/www.exclusive-trainer.com\\\/es\\\/\",\"name\":\"EXCLUSIVE TRAINER\",\"description\":\"John Lambrecht\",\"publisher\":{\"@id\":\"https:\\\/\\\/www.exclusive-trainer.com\\\/es\\\/#organization\"},\"potentialAction\":[{\"@type\":\"SearchAction\",\"target\":{\"@type\":\"EntryPoint\",\"urlTemplate\":\"https:\\\/\\\/www.exclusive-trainer.com\\\/es\\\/?s={search_term_string}\"},\"query-input\":{\"@type\":\"PropertyValueSpecification\",\"valueRequired\":true,\"valueName\":\"search_term_string\"}}],\"inLanguage\":\"es\"},{\"@type\":\"Organization\",\"@id\":\"https:\\\/\\\/www.exclusive-trainer.com\\\/es\\\/#organization\",\"name\":\"Exclusive Trainer - Ihr Personal Trainer John Lambrecht aus Mallorca\",\"url\":\"https:\\\/\\\/www.exclusive-trainer.com\\\/es\\\/\",\"logo\":{\"@type\":\"ImageObject\",\"inLanguage\":\"es\",\"@id\":\"https:\\\/\\\/www.exclusive-trainer.com\\\/es\\\/#\\\/schema\\\/logo\\\/image\\\/\",\"url\":\"https:\\\/\\\/www.exclusive-trainer.com\\\/wp-content\\\/uploads\\\/2020\\\/02\\\/exclusive-trainer_typo-pos_310x115px.png\",\"contentUrl\":\"https:\\\/\\\/www.exclusive-trainer.com\\\/wp-content\\\/uploads\\\/2020\\\/02\\\/exclusive-trainer_typo-pos_310x115px.png\",\"width\":310,\"height\":115,\"caption\":\"Exclusive Trainer - Ihr Personal Trainer John Lambrecht aus Mallorca\"},\"image\":{\"@id\":\"https:\\\/\\\/www.exclusive-trainer.com\\\/es\\\/#\\\/schema\\\/logo\\\/image\\\/\"}}]}<\/script>\n<!-- \/ Yoast SEO plugin. -->","yoast_head_json":{"title":"impresi\u00f3n | EXCLUSIVE TRAINER","robots":{"index":"index","follow":"follow","max-snippet":"max-snippet:-1","max-image-preview":"max-image-preview:large","max-video-preview":"max-video-preview:-1"},"canonical":"https:\/\/www.exclusive-trainer.com\/es\/impresion\/","og_locale":"es_ES","og_type":"article","og_title":"impresi\u00f3n | EXCLUSIVE TRAINER","og_description":"Pie de imprenta Informaci\u00f3n seg\u00fan el \u00a7 5 TMGJohn Lambrechtentrenador de fitnessCarrer Cortecera 26b07006 Palma\/Mallorca +34 602 45 47 17john@exclusive-trainer.comwww.exclusiv-trainer.com IDENTIFICACI\u00d3N DE IMPRESI\u00d3N: Y795958C Seguro de responsabilidad profesionalRhion Insurance Ltd.Rhinelandplatz 141460 Neuss \u00c1rea de validez del seguro: Europa Informaci\u00f3n jur\u00eddica sobre la utilizaci\u00f3n del sitio web Al utilizar este sitio web, usted acepta las siguientes [&hellip;]","og_url":"https:\/\/www.exclusive-trainer.com\/es\/impresion\/","og_site_name":"EXCLUSIVE TRAINER","article_modified_time":"2020-03-15T15:51:33+00:00","twitter_card":"summary_large_image","twitter_misc":{"Tiempo de lectura":"3 minutos"},"schema":{"@context":"https:\/\/schema.org","@graph":[{"@type":"WebPage","@id":"https:\/\/www.exclusive-trainer.com\/es\/impresion\/","url":"https:\/\/www.exclusive-trainer.com\/es\/impresion\/","name":"impresi\u00f3n | EXCLUSIVE TRAINER","isPartOf":{"@id":"https:\/\/www.exclusive-trainer.com\/es\/#website"},"datePublished":"2020-01-20T15:37:29+00:00","dateModified":"2020-03-15T15:51:33+00:00","breadcrumb":{"@id":"https:\/\/www.exclusive-trainer.com\/es\/impresion\/#breadcrumb"},"inLanguage":"es","potentialAction":[{"@type":"ReadAction","target":["https:\/\/www.exclusive-trainer.com\/es\/impresion\/"]}]},{"@type":"BreadcrumbList","@id":"https:\/\/www.exclusive-trainer.com\/es\/impresion\/#breadcrumb","itemListElement":[{"@type":"ListItem","position":1,"name":"Startseite","item":"https:\/\/www.exclusive-trainer.com\/es\/"},{"@type":"ListItem","position":2,"name":"impresi\u00f3n"}]},{"@type":"WebSite","@id":"https:\/\/www.exclusive-trainer.com\/es\/#website","url":"https:\/\/www.exclusive-trainer.com\/es\/","name":"EXCLUSIVE TRAINER","description":"John Lambrecht","publisher":{"@id":"https:\/\/www.exclusive-trainer.com\/es\/#organization"},"potentialAction":[{"@type":"SearchAction","target":{"@type":"EntryPoint","urlTemplate":"https:\/\/www.exclusive-trainer.com\/es\/?s={search_term_string}"},"query-input":{"@type":"PropertyValueSpecification","valueRequired":true,"valueName":"search_term_string"}}],"inLanguage":"es"},{"@type":"Organization","@id":"https:\/\/www.exclusive-trainer.com\/es\/#organization","name":"Exclusive Trainer - Ihr Personal Trainer John Lambrecht aus Mallorca","url":"https:\/\/www.exclusive-trainer.com\/es\/","logo":{"@type":"ImageObject","inLanguage":"es","@id":"https:\/\/www.exclusive-trainer.com\/es\/#\/schema\/logo\/image\/","url":"https:\/\/www.exclusive-trainer.com\/wp-content\/uploads\/2020\/02\/exclusive-trainer_typo-pos_310x115px.png","contentUrl":"https:\/\/www.exclusive-trainer.com\/wp-content\/uploads\/2020\/02\/exclusive-trainer_typo-pos_310x115px.png","width":310,"height":115,"caption":"Exclusive Trainer - Ihr Personal Trainer John Lambrecht aus Mallorca"},"image":{"@id":"https:\/\/www.exclusive-trainer.com\/es\/#\/schema\/logo\/image\/"}}]}},"_links":{"self":[{"href":"https:\/\/www.exclusive-trainer.com\/es\/wp-json\/wp\/v2\/pages\/1108","targetHints":{"allow":["GET"]}}],"collection":[{"href":"https:\/\/www.exclusive-trainer.com\/es\/wp-json\/wp\/v2\/pages"}],"about":[{"href":"https:\/\/www.exclusive-trainer.com\/es\/wp-json\/wp\/v2\/types\/page"}],"author":[{"embeddable":true,"href":"https:\/\/www.exclusive-trainer.com\/es\/wp-json\/wp\/v2\/users\/1"}],"replies":[{"embeddable":true,"href":"https:\/\/www.exclusive-trainer.com\/es\/wp-json\/wp\/v2\/comments?post=1108"}],"version-history":[{"count":5,"href":"https:\/\/www.exclusive-trainer.com\/es\/wp-json\/wp\/v2\/pages\/1108\/revisions"}],"predecessor-version":[{"id":1181,"href":"https:\/\/www.exclusive-trainer.com\/es\/wp-json\/wp\/v2\/pages\/1108\/revisions\/1181"}],"wp:attachment":[{"href":"https:\/\/www.exclusive-trainer.com\/es\/wp-json\/wp\/v2\/media?parent=1108"}],"curies":[{"name":"wp","href":"https:\/\/api.w.org\/{rel}","templated":true}]}}