{"id":1114,"date":"2020-01-23T12:57:35","date_gmt":"2020-01-23T11:57:35","guid":{"rendered":"https:\/\/www.exclusive-trainer.com\/ueber-mich\/"},"modified":"2020-02-29T20:39:39","modified_gmt":"2020-02-29T19:39:39","slug":"acerca-de-mi","status":"publish","type":"page","link":"https:\/\/www.exclusive-trainer.com\/es\/acerca-de-mi\/","title":{"rendered":"Acerca de m\u00ed"},"content":{"rendered":"<h2>Acerca de m\u00ed<\/h2>\n<div>\n<p>Compito en tenis y soy el vigente campe\u00f3n de Berl\u00edn\/Brandenburgo. Estoy en el Top30 del ranking alem\u00e1n. Como entrenador he desarrollado programas especiales y vers\u00e1tiles de preparaci\u00f3n f\u00edsica y atl\u00e9tica para todos los niveles y edades, teniendo en cuenta el aspecto hol\u00edstico.<\/p>\n<p>Gracias a la experiencia acumulada, he podido reconocer la importancia del \u00abpoder de la mente\u00bb, tanto en la vida cotidiana como en el deporte. Al mejorar mi fuerza mental y la capacidad de rendir al m\u00e1ximo bajo presi\u00f3n, he podido elevar mi rendimiento deportivo a un nivel m\u00e1s alto. En la vida cotidiana tambi\u00e9n he aprendido a manejar mejor el estr\u00e9s.<\/p>\n<p>Al cambiar hace un par de a\u00f1os a una dieta m\u00e1s sana y equilibrada, empec\u00e9 a tener m\u00e1s energ\u00eda. Desde entonces estoy m\u00e1s en forma, soy m\u00e1s activo y mi rendimiento es mayor que nunca.\u00a0<\/p>\n<\/div>\n<p><!-- {\"type\":\"layout\",\"children\":[{\"type\":\"section\",\"props\":{\"style\":\"default\",\"width\":\"\",\"vertical_align\":\"middle\",\"title_position\":\"top-left\",\"title_rotation\":\"left\",\"title_breakpoint\":\"xl\",\"image_position\":\"center-center\",\"text_color\":\"\",\"width_expand\":\"\",\"height\":\"\",\"padding\":\"\",\"header_transparent\":\"\",\"animation\":\"\",\"image\":\"\",\"id\":\"ueber_mich\",\"image_effect\":\"\",\"padding_remove_top\":false,\"padding_remove_bottom\":false},\"children\":[{\"type\":\"row\",\"props\":{\"layout\":\",\",\"breakpoint\":\"m\",\"fixed_width\":\"large\",\"width\":\"\",\"width_expand\":\"\",\"height\":\"full\",\"margin\":\"\",\"order_last\":true,\"column_gap\":\"large\",\"row_gap\":\"\",\"id\":\"beginners\"},\"children\":[{\"type\":\"column\",\"props\":{\"image_position\":\"center-center\",\"media_overlay_gradient\":\"\",\"vertical_align\":\"\",\"style\":\"\",\"text_color\":\"\",\"padding\":\"\",\"image\":\"wp-content\\\/uploads\\\/2020\\\/01\\\/exclusive-trainer_start_ueber-mich_1600x2000px_2-1.jpg\",\"image_size\":\"cover\",\"image_effect\":\"\",\"image_parallax_breakpoint\":\"\",\"image_visibility\":\"\",\"media_blend_mode\":\"\",\"image_width\":\"1280\",\"image_height\":\"\",\"css\":\".el-column { min-height: 350px; }\"},\"children\":[]},{\"type\":\"column\",\"props\":{\"image_position\":\"center-center\",\"media_overlay_gradient\":\"\",\"vertical_align\":\"middle\",\"style\":\"default\",\"text_color\":\"\",\"padding\":\"small\",\"image\":\"\"},\"children\":[{\"type\":\"headline\",\"props\":{\"title_element\":\"h2\",\"title_style\":\"\",\"title_decoration\":\"\",\"title_color\":\"\",\"position\":\"\",\"position_z_index\":\"\",\"margin\":\"\",\"maxwidth\":\"large\",\"maxwidth_breakpoint\":\"\",\"block_align\":\"center\",\"block_align_breakpoint\":\"m\",\"block_align_fallback\":\"center\",\"text_align\":\"\",\"text_align_breakpoint\":\"\",\"text_align_fallback\":\"\",\"animation\":\"\",\"visibility\":\"\",\"content\":\"Acerca de m\\u00ed\",\"title_font_family\":\"\",\"class\":\"interstate_black_italic\"}},{\"type\":\"text\",\"props\":{\"margin\":\"default\",\"column_breakpoint\":\"m\",\"text_style\":\"\",\"text_color\":\"\",\"text_size\":\"\",\"column\":\"\",\"position\":\"\",\"position_z_index\":\"\",\"maxwidth\":\"large\",\"maxwidth_breakpoint\":\"\",\"block_align\":\"center\",\"block_align_breakpoint\":\"\",\"block_align_fallback\":\"\",\"text_align\":\"\",\"text_align_breakpoint\":\"\",\"text_align_fallback\":\"\",\"animation\":\"\",\"visibility\":\"\",\"content\":\"\n\n<p>Compito en tenis y soy el vigente campe\\u00f3n de Berl\\u00edn\\\/Brandenburgo. Estoy en el Top30 del ranking alem\\u00e1n. Como entrenador he desarrollado programas especiales y vers\\u00e1tiles de preparaci\\u00f3n f\\u00edsica y atl\\u00e9tica para todos los niveles y edades, teniendo en cuenta el aspecto hol\\u00edstico.<\\\/p>\\n\n\n<p>Gracias a la experiencia acumulada, he podido reconocer la importancia del \\\"poder de la mente\\\", tanto en la vida cotidiana como en el deporte. Al mejorar mi fuerza mental y la capacidad de rendir al m\\u00e1ximo bajo presi\\u00f3n, he podido elevar mi rendimiento deportivo a un nivel m\\u00e1s alto. En la vida cotidiana tambi\\u00e9n he aprendido a manejar mejor el estr\\u00e9s.<\\\/p>\\n\n\n<p>Al cambiar hace un par de a\\u00f1os a una dieta m\\u00e1s sana y equilibrada, empec\\u00e9 a tener m\\u00e1s energ\\u00eda. Desde entonces estoy m\\u00e1s en forma, soy m\\u00e1s activo y mi rendimiento es mayor que nunca.\\u00a0<\\\/p>\"}}]}]}],\"name\":\"\\u00fcber mich\"}],\"version\":\"1.22.8\",\"props\":[]} --><\/p>\n","protected":false},"excerpt":{"rendered":"<p>Acerca de m\u00ed Compito en tenis y soy el vigente campe\u00f3n de Berl\u00edn\/Brandenburgo. Estoy en el Top30 del ranking alem\u00e1n. Como entrenador he desarrollado programas especiales y vers\u00e1tiles de preparaci\u00f3n f\u00edsica y atl\u00e9tica para todos los niveles y edades, teniendo en cuenta el aspecto hol\u00edstico. Gracias a la experiencia acumulada, he podido reconocer la importancia [&hellip;]<\/p>\n","protected":false},"author":1,"featured_media":0,"parent":0,"menu_order":0,"comment_status":"closed","ping_status":"closed","template":"","meta":{"footnotes":""},"class_list":["post-1114","page","type-page","status-publish","hentry"],"yoast_head":"<!-- This site is optimized with the Yoast SEO plugin v27.3 - https:\/\/yoast.com\/product\/yoast-seo-wordpress\/ -->\n<title>Acerca de m\u00ed | EXCLUSIVE TRAINER<\/title>\n<meta name=\"description\" content=\"Personal Trainer auf Mallorca. Ich komme aus dem Tennis Leistungssport. Mein ganzheitliches Fitness-Konzept eignet sich f\u00fcr alle Alters-\/Leistungsklassen\" \/>\n<meta name=\"robots\" content=\"index, follow, max-snippet:-1, max-image-preview:large, max-video-preview:-1\" \/>\n<link rel=\"canonical\" href=\"https:\/\/www.exclusive-trainer.com\/es\/acerca-de-mi\/\" \/>\n<meta property=\"og:locale\" content=\"es_ES\" \/>\n<meta property=\"og:type\" content=\"article\" \/>\n<meta property=\"og:title\" content=\"Acerca de m\u00ed | EXCLUSIVE TRAINER\" \/>\n<meta property=\"og:description\" content=\"Personal Trainer auf Mallorca. Ich komme aus dem Tennis Leistungssport. Mein ganzheitliches Fitness-Konzept eignet sich f\u00fcr alle Alters-\/Leistungsklassen\" \/>\n<meta property=\"og:url\" content=\"https:\/\/www.exclusive-trainer.com\/es\/acerca-de-mi\/\" \/>\n<meta property=\"og:site_name\" content=\"EXCLUSIVE TRAINER\" \/>\n<meta property=\"article:modified_time\" content=\"2020-02-29T19:39:39+00:00\" \/>\n<meta name=\"twitter:card\" content=\"summary_large_image\" \/>\n<meta name=\"twitter:label1\" content=\"Tiempo de lectura\" \/>\n\t<meta name=\"twitter:data1\" content=\"1 minuto\" \/>\n<script type=\"application\/ld+json\" class=\"yoast-schema-graph\">{\"@context\":\"https:\\\/\\\/schema.org\",\"@graph\":[{\"@type\":\"WebPage\",\"@id\":\"https:\\\/\\\/www.exclusive-trainer.com\\\/es\\\/acerca-de-mi\\\/\",\"url\":\"https:\\\/\\\/www.exclusive-trainer.com\\\/es\\\/acerca-de-mi\\\/\",\"name\":\"Acerca de m\u00ed | EXCLUSIVE TRAINER\",\"isPartOf\":{\"@id\":\"https:\\\/\\\/www.exclusive-trainer.com\\\/es\\\/#website\"},\"datePublished\":\"2020-01-23T11:57:35+00:00\",\"dateModified\":\"2020-02-29T19:39:39+00:00\",\"description\":\"Personal Trainer auf Mallorca. Ich komme aus dem Tennis Leistungssport. Mein ganzheitliches Fitness-Konzept eignet sich f\u00fcr alle Alters-\\\/Leistungsklassen\",\"breadcrumb\":{\"@id\":\"https:\\\/\\\/www.exclusive-trainer.com\\\/es\\\/acerca-de-mi\\\/#breadcrumb\"},\"inLanguage\":\"es\",\"potentialAction\":[{\"@type\":\"ReadAction\",\"target\":[\"https:\\\/\\\/www.exclusive-trainer.com\\\/es\\\/acerca-de-mi\\\/\"]}]},{\"@type\":\"BreadcrumbList\",\"@id\":\"https:\\\/\\\/www.exclusive-trainer.com\\\/es\\\/acerca-de-mi\\\/#breadcrumb\",\"itemListElement\":[{\"@type\":\"ListItem\",\"position\":1,\"name\":\"Startseite\",\"item\":\"https:\\\/\\\/www.exclusive-trainer.com\\\/es\\\/\"},{\"@type\":\"ListItem\",\"position\":2,\"name\":\"Acerca de m\u00ed\"}]},{\"@type\":\"WebSite\",\"@id\":\"https:\\\/\\\/www.exclusive-trainer.com\\\/es\\\/#website\",\"url\":\"https:\\\/\\\/www.exclusive-trainer.com\\\/es\\\/\",\"name\":\"EXCLUSIVE TRAINER\",\"description\":\"John Lambrecht\",\"publisher\":{\"@id\":\"https:\\\/\\\/www.exclusive-trainer.com\\\/es\\\/#organization\"},\"potentialAction\":[{\"@type\":\"SearchAction\",\"target\":{\"@type\":\"EntryPoint\",\"urlTemplate\":\"https:\\\/\\\/www.exclusive-trainer.com\\\/es\\\/?s={search_term_string}\"},\"query-input\":{\"@type\":\"PropertyValueSpecification\",\"valueRequired\":true,\"valueName\":\"search_term_string\"}}],\"inLanguage\":\"es\"},{\"@type\":\"Organization\",\"@id\":\"https:\\\/\\\/www.exclusive-trainer.com\\\/es\\\/#organization\",\"name\":\"Exclusive Trainer - Ihr Personal Trainer John Lambrecht aus Mallorca\",\"url\":\"https:\\\/\\\/www.exclusive-trainer.com\\\/es\\\/\",\"logo\":{\"@type\":\"ImageObject\",\"inLanguage\":\"es\",\"@id\":\"https:\\\/\\\/www.exclusive-trainer.com\\\/es\\\/#\\\/schema\\\/logo\\\/image\\\/\",\"url\":\"https:\\\/\\\/www.exclusive-trainer.com\\\/wp-content\\\/uploads\\\/2020\\\/02\\\/exclusive-trainer_typo-pos_310x115px.png\",\"contentUrl\":\"https:\\\/\\\/www.exclusive-trainer.com\\\/wp-content\\\/uploads\\\/2020\\\/02\\\/exclusive-trainer_typo-pos_310x115px.png\",\"width\":310,\"height\":115,\"caption\":\"Exclusive Trainer - Ihr Personal Trainer John Lambrecht aus Mallorca\"},\"image\":{\"@id\":\"https:\\\/\\\/www.exclusive-trainer.com\\\/es\\\/#\\\/schema\\\/logo\\\/image\\\/\"}}]}<\/script>\n<!-- \/ Yoast SEO plugin. -->","yoast_head_json":{"title":"Acerca de m\u00ed | EXCLUSIVE TRAINER","description":"Personal Trainer auf Mallorca. Ich komme aus dem Tennis Leistungssport. Mein ganzheitliches Fitness-Konzept eignet sich f\u00fcr alle Alters-\/Leistungsklassen","robots":{"index":"index","follow":"follow","max-snippet":"max-snippet:-1","max-image-preview":"max-image-preview:large","max-video-preview":"max-video-preview:-1"},"canonical":"https:\/\/www.exclusive-trainer.com\/es\/acerca-de-mi\/","og_locale":"es_ES","og_type":"article","og_title":"Acerca de m\u00ed | EXCLUSIVE TRAINER","og_description":"Personal Trainer auf Mallorca. Ich komme aus dem Tennis Leistungssport. Mein ganzheitliches Fitness-Konzept eignet sich f\u00fcr alle Alters-\/Leistungsklassen","og_url":"https:\/\/www.exclusive-trainer.com\/es\/acerca-de-mi\/","og_site_name":"EXCLUSIVE TRAINER","article_modified_time":"2020-02-29T19:39:39+00:00","twitter_card":"summary_large_image","twitter_misc":{"Tiempo de lectura":"1 minuto"},"schema":{"@context":"https:\/\/schema.org","@graph":[{"@type":"WebPage","@id":"https:\/\/www.exclusive-trainer.com\/es\/acerca-de-mi\/","url":"https:\/\/www.exclusive-trainer.com\/es\/acerca-de-mi\/","name":"Acerca de m\u00ed | EXCLUSIVE TRAINER","isPartOf":{"@id":"https:\/\/www.exclusive-trainer.com\/es\/#website"},"datePublished":"2020-01-23T11:57:35+00:00","dateModified":"2020-02-29T19:39:39+00:00","description":"Personal Trainer auf Mallorca. Ich komme aus dem Tennis Leistungssport. Mein ganzheitliches Fitness-Konzept eignet sich f\u00fcr alle Alters-\/Leistungsklassen","breadcrumb":{"@id":"https:\/\/www.exclusive-trainer.com\/es\/acerca-de-mi\/#breadcrumb"},"inLanguage":"es","potentialAction":[{"@type":"ReadAction","target":["https:\/\/www.exclusive-trainer.com\/es\/acerca-de-mi\/"]}]},{"@type":"BreadcrumbList","@id":"https:\/\/www.exclusive-trainer.com\/es\/acerca-de-mi\/#breadcrumb","itemListElement":[{"@type":"ListItem","position":1,"name":"Startseite","item":"https:\/\/www.exclusive-trainer.com\/es\/"},{"@type":"ListItem","position":2,"name":"Acerca de m\u00ed"}]},{"@type":"WebSite","@id":"https:\/\/www.exclusive-trainer.com\/es\/#website","url":"https:\/\/www.exclusive-trainer.com\/es\/","name":"EXCLUSIVE TRAINER","description":"John Lambrecht","publisher":{"@id":"https:\/\/www.exclusive-trainer.com\/es\/#organization"},"potentialAction":[{"@type":"SearchAction","target":{"@type":"EntryPoint","urlTemplate":"https:\/\/www.exclusive-trainer.com\/es\/?s={search_term_string}"},"query-input":{"@type":"PropertyValueSpecification","valueRequired":true,"valueName":"search_term_string"}}],"inLanguage":"es"},{"@type":"Organization","@id":"https:\/\/www.exclusive-trainer.com\/es\/#organization","name":"Exclusive Trainer - Ihr Personal Trainer John Lambrecht aus Mallorca","url":"https:\/\/www.exclusive-trainer.com\/es\/","logo":{"@type":"ImageObject","inLanguage":"es","@id":"https:\/\/www.exclusive-trainer.com\/es\/#\/schema\/logo\/image\/","url":"https:\/\/www.exclusive-trainer.com\/wp-content\/uploads\/2020\/02\/exclusive-trainer_typo-pos_310x115px.png","contentUrl":"https:\/\/www.exclusive-trainer.com\/wp-content\/uploads\/2020\/02\/exclusive-trainer_typo-pos_310x115px.png","width":310,"height":115,"caption":"Exclusive Trainer - Ihr Personal Trainer John Lambrecht aus Mallorca"},"image":{"@id":"https:\/\/www.exclusive-trainer.com\/es\/#\/schema\/logo\/image\/"}}]}},"_links":{"self":[{"href":"https:\/\/www.exclusive-trainer.com\/es\/wp-json\/wp\/v2\/pages\/1114","targetHints":{"allow":["GET"]}}],"collection":[{"href":"https:\/\/www.exclusive-trainer.com\/es\/wp-json\/wp\/v2\/pages"}],"about":[{"href":"https:\/\/www.exclusive-trainer.com\/es\/wp-json\/wp\/v2\/types\/page"}],"author":[{"embeddable":true,"href":"https:\/\/www.exclusive-trainer.com\/es\/wp-json\/wp\/v2\/users\/1"}],"replies":[{"embeddable":true,"href":"https:\/\/www.exclusive-trainer.com\/es\/wp-json\/wp\/v2\/comments?post=1114"}],"version-history":[{"count":2,"href":"https:\/\/www.exclusive-trainer.com\/es\/wp-json\/wp\/v2\/pages\/1114\/revisions"}],"predecessor-version":[{"id":1127,"href":"https:\/\/www.exclusive-trainer.com\/es\/wp-json\/wp\/v2\/pages\/1114\/revisions\/1127"}],"wp:attachment":[{"href":"https:\/\/www.exclusive-trainer.com\/es\/wp-json\/wp\/v2\/media?parent=1114"}],"curies":[{"name":"wp","href":"https:\/\/api.w.org\/{rel}","templated":true}]}}